{"id":2,"date":"2013-10-10T04:46:04","date_gmt":"2013-10-10T04:46:04","guid":{"rendered":"http:\/\/blogs.pacasmayo.com\/notasdeberea\/?page_id=2"},"modified":"2019-11-14T23:40:58","modified_gmt":"2019-11-14T23:40:58","slug":"sample-page","status":"publish","type":"page","link":"https:\/\/blogs.pacasmayo.com\/notasdeberea\/sample-page\/","title":{"rendered":"Bienvenidos"},"content":{"rendered":"<p>Los hermanos bereanos, cu\u00e1nto nos podr\u00edan ayudar, en su nobleza y celo, ellos encabezan la larga lista de hermanos que a trav\u00e9s de las edades se han negado a aceptar los dogmas que la jerarqu\u00eda religiosa ha asumido en su desgano\u00a0de corroborar la tradici\u00f3n con la ense\u00f1anza b\u00edblica.<\/p>\n<p>Lastimosamente, a trav\u00e9s de los a\u00f1os los movimientos religiosos establecidos, por su propio deseo de diferenciarse unos de otros, han ido endureciendo sus posiciones doctrinales, muchas veces a costa de la verdad establecida por la Biblia y de sus propios principios de interpretaci\u00f3n.\u00a0 Una de las herramientas, probablemente bien intencionada en su inicio, para este desv\u00edo es el mal uso de la\u00a0<a href=\"2007\/09\/04\/glosario#teologia_sistematica\">Teolog\u00eda sistem\u00e1tica<\/a>.<\/p>\n<p>Mi educaci\u00f3n b\u00edblica formal la recib\u00ed en el Seminario\u00a0Bautista del Per\u00fa, y, aunque mis padres siempre me ense\u00f1aron a amar las Escrituras, fue en el Seminario donde aprend\u00ed a buscar al Se\u00f1or en la Biblia.\u00a0 All\u00ed aprend\u00ed los principios de la interpretaci\u00f3n b\u00edblica y a basar mi fe en los testamentos.\u00a0 Recuerdo con mucho cari\u00f1o a Julio Tresierra, que ya goza en la presencia de nuestro Se\u00f1or, qui\u00e9n me ayud\u00f3 a fortalecer las t\u00e9cnicas de la investigaci\u00f3n y la dependencia en el Esp\u00edritu Santo para la sana interpretaci\u00f3n de la Palabra.\u00a0 Con sus excelentes dotes de maestro, Julio nunca nos di\u00f3 la respuesta, pero nos guiaba para que podamos encontrarla en la Biblia.<\/p>\n<p>Los nobles bereanos siempre me gustaron&#8230; no aceptaron la palabra del mism\u00edsimo Pablo, ni por ser ap\u00f3stol, sino que fueron a las escrituras a ver si era cierto lo que Pablo dec\u00eda.\u00a0 Hoy en d\u00eda, muchos te\u00f3logos est\u00e1n m\u00e1s preocupados por estudiar a los estudiosos del pasado y tratar de decidir cu\u00e1l de sus teor\u00edas es m\u00e1s correcta.\u00a0 Yo tambi\u00e9n, por un tiempo permit\u00ed que los &quot;grandes&quot; del pasado definan mi teolog\u00eda.\u00a0 Ya no, no hay necesidad, la Biblia tiene todo el material y el Esp\u00edritu Santo me gu\u00eda a &quot;toda la verdad&quot;.<\/p>\n<p>En el seminario fui llamado rebelde, y en su defensa dir\u00e9 que s\u00ed fu\u00ed rebelde.\u00a0 Muchas veces fu\u00ed rebelde; contra mis maestros de primaria y secundaria, contra mis padres, contra las reglas establecidas de la sociedad, contra Dios; desde que tengo memoria me he rebelado en contra de algo, es parte de mi car\u00e1cter.\u00a0 En cierto modo, esa parte de mi caracter me ha llevado tambi\u00e9n a siempre cuestionar las ense\u00f1anzas religiosas, y para mi sorpresa, me he encontrado con que algunas de las m\u00e1s com\u00fanes\u00a0no est\u00e1n basadas ex\u00e1ctamente en la Biblia, sino en una tradici\u00f3n hist\u00f3rica.<\/p>\n<p>Por ello, al escribir estas notas, estoy orando para que, m\u00e1s que producto de mi esp\u00edritu cr\u00edtico, estas notas sean producto de un deseo profundo que las ense\u00f1anzas de mi Se\u00f1or sean compartidas y practicadas por todas las personas a quienes este tratado pueda influenciar.<\/p>\n<p>Dios te bendiga,<\/p>\n<p>Felipe Polo-Wood<\/p>\n","protected":false},"excerpt":{"rendered":"<p>Los hermanos bereanos, cu\u00e1nto nos podr\u00edan ayudar, en su nobleza y celo, ellos encabezan la larga lista de hermanos que a trav\u00e9s de las edades&hellip;<\/p>\n","protected":false},"author":1,"featured_media":0,"parent":0,"menu_order":0,"comment_status":"open","ping_status":"open","template":"","meta":{"footnotes":""},"class_list":["post-2","page","type-page","status-publish","hentry"],"yoast_head":"<!-- This site is optimized with the Yoast SEO plugin v27.3 - https:\/\/yoast.com\/product\/yoast-seo-wordpress\/ -->\n<title>Bienvenidos - Notas de Berea<\/title>\n<meta name=\"robots\" content=\"index, follow, max-snippet:-1, max-image-preview:large, max-video-preview:-1\" \/>\n<link rel=\"canonical\" href=\"https:\/\/blogs.pacasmayo.com\/notasdeberea\/\" \/>\n<meta property=\"og:locale\" content=\"en_US\" \/>\n<meta property=\"og:type\" content=\"article\" \/>\n<meta property=\"og:title\" content=\"Bienvenidos - Notas de Berea\" \/>\n<meta property=\"og:description\" content=\"Los hermanos bereanos, cu\u00e1nto nos podr\u00edan ayudar, en su nobleza y celo, ellos encabezan la larga lista de hermanos que a trav\u00e9s de las edades&hellip;\" \/>\n<meta property=\"og:url\" content=\"https:\/\/blogs.pacasmayo.com\/notasdeberea\/\" \/>\n<meta property=\"og:site_name\" content=\"Notas de Berea\" \/>\n<meta property=\"article:modified_time\" content=\"2019-11-14T23:40:58+00:00\" \/>\n<meta name=\"twitter:label1\" content=\"Est. reading time\" \/>\n\t<meta name=\"twitter:data1\" content=\"3 minutes\" \/>\n<script type=\"application\/ld+json\" class=\"yoast-schema-graph\">{\"@context\":\"https:\\\/\\\/schema.org\",\"@graph\":[{\"@type\":\"WebPage\",\"@id\":\"https:\\\/\\\/blogs.pacasmayo.com\\\/notasdeberea\\\/\",\"url\":\"https:\\\/\\\/blogs.pacasmayo.com\\\/notasdeberea\\\/\",\"name\":\"Bienvenidos - Notas de Berea\",\"isPartOf\":{\"@id\":\"https:\\\/\\\/blogs.pacasmayo.com\\\/notasdeberea\\\/#website\"},\"datePublished\":\"2013-10-10T04:46:04+00:00\",\"dateModified\":\"2019-11-14T23:40:58+00:00\",\"breadcrumb\":{\"@id\":\"https:\\\/\\\/blogs.pacasmayo.com\\\/notasdeberea\\\/#breadcrumb\"},\"inLanguage\":\"en-US\",\"potentialAction\":[{\"@type\":\"ReadAction\",\"target\":[\"https:\\\/\\\/blogs.pacasmayo.com\\\/notasdeberea\\\/\"]}]},{\"@type\":\"BreadcrumbList\",\"@id\":\"https:\\\/\\\/blogs.pacasmayo.com\\\/notasdeberea\\\/#breadcrumb\",\"itemListElement\":[{\"@type\":\"ListItem\",\"position\":1,\"name\":\"Home\",\"item\":\"https:\\\/\\\/blogs.pacasmayo.com\\\/notasdeberea\\\/\"},{\"@type\":\"ListItem\",\"position\":2,\"name\":\"Bienvenidos\"}]},{\"@type\":\"WebSite\",\"@id\":\"https:\\\/\\\/blogs.pacasmayo.com\\\/notasdeberea\\\/#website\",\"url\":\"https:\\\/\\\/blogs.pacasmayo.com\\\/notasdeberea\\\/\",\"name\":\"Notas de Berea\",\"description\":\"Una segunda mirada a la tradici\u00f3n\",\"potentialAction\":[{\"@type\":\"SearchAction\",\"target\":{\"@type\":\"EntryPoint\",\"urlTemplate\":\"https:\\\/\\\/blogs.pacasmayo.com\\\/notasdeberea\\\/?s={search_term_string}\"},\"query-input\":{\"@type\":\"PropertyValueSpecification\",\"valueRequired\":true,\"valueName\":\"search_term_string\"}}],\"inLanguage\":\"en-US\"}]}<\/script>\n<!-- \/ Yoast SEO plugin. -->","yoast_head_json":{"title":"Bienvenidos - Notas de Berea","robots":{"index":"index","follow":"follow","max-snippet":"max-snippet:-1","max-image-preview":"max-image-preview:large","max-video-preview":"max-video-preview:-1"},"canonical":"https:\/\/blogs.pacasmayo.com\/notasdeberea\/","og_locale":"en_US","og_type":"article","og_title":"Bienvenidos - Notas de Berea","og_description":"Los hermanos bereanos, cu\u00e1nto nos podr\u00edan ayudar, en su nobleza y celo, ellos encabezan la larga lista de hermanos que a trav\u00e9s de las edades&hellip;","og_url":"https:\/\/blogs.pacasmayo.com\/notasdeberea\/","og_site_name":"Notas de Berea","article_modified_time":"2019-11-14T23:40:58+00:00","twitter_misc":{"Est. reading time":"3 minutes"},"schema":{"@context":"https:\/\/schema.org","@graph":[{"@type":"WebPage","@id":"https:\/\/blogs.pacasmayo.com\/notasdeberea\/","url":"https:\/\/blogs.pacasmayo.com\/notasdeberea\/","name":"Bienvenidos - Notas de Berea","isPartOf":{"@id":"https:\/\/blogs.pacasmayo.com\/notasdeberea\/#website"},"datePublished":"2013-10-10T04:46:04+00:00","dateModified":"2019-11-14T23:40:58+00:00","breadcrumb":{"@id":"https:\/\/blogs.pacasmayo.com\/notasdeberea\/#breadcrumb"},"inLanguage":"en-US","potentialAction":[{"@type":"ReadAction","target":["https:\/\/blogs.pacasmayo.com\/notasdeberea\/"]}]},{"@type":"BreadcrumbList","@id":"https:\/\/blogs.pacasmayo.com\/notasdeberea\/#breadcrumb","itemListElement":[{"@type":"ListItem","position":1,"name":"Home","item":"https:\/\/blogs.pacasmayo.com\/notasdeberea\/"},{"@type":"ListItem","position":2,"name":"Bienvenidos"}]},{"@type":"WebSite","@id":"https:\/\/blogs.pacasmayo.com\/notasdeberea\/#website","url":"https:\/\/blogs.pacasmayo.com\/notasdeberea\/","name":"Notas de Berea","description":"Una segunda mirada a la tradici\u00f3n","potentialAction":[{"@type":"SearchAction","target":{"@type":"EntryPoint","urlTemplate":"https:\/\/blogs.pacasmayo.com\/notasdeberea\/?s={search_term_string}"},"query-input":{"@type":"PropertyValueSpecification","valueRequired":true,"valueName":"search_term_string"}}],"inLanguage":"en-US"}]}},"_links":{"self":[{"href":"https:\/\/blogs.pacasmayo.com\/notasdeberea\/wp-json\/wp\/v2\/pages\/2","targetHints":{"allow":["GET"]}}],"collection":[{"href":"https:\/\/blogs.pacasmayo.com\/notasdeberea\/wp-json\/wp\/v2\/pages"}],"about":[{"href":"https:\/\/blogs.pacasmayo.com\/notasdeberea\/wp-json\/wp\/v2\/types\/page"}],"author":[{"embeddable":true,"href":"https:\/\/blogs.pacasmayo.com\/notasdeberea\/wp-json\/wp\/v2\/users\/1"}],"replies":[{"embeddable":true,"href":"https:\/\/blogs.pacasmayo.com\/notasdeberea\/wp-json\/wp\/v2\/comments?post=2"}],"version-history":[{"count":2,"href":"https:\/\/blogs.pacasmayo.com\/notasdeberea\/wp-json\/wp\/v2\/pages\/2\/revisions"}],"predecessor-version":[{"id":3621,"href":"https:\/\/blogs.pacasmayo.com\/notasdeberea\/wp-json\/wp\/v2\/pages\/2\/revisions\/3621"}],"wp:attachment":[{"href":"https:\/\/blogs.pacasmayo.com\/notasdeberea\/wp-json\/wp\/v2\/media?parent=2"}],"curies":[{"name":"wp","href":"https:\/\/api.w.org\/{rel}","templated":true}]}}