{"id":2,"date":"2012-10-26T19:56:21","date_gmt":"2012-10-26T19:56:21","guid":{"rendered":"http:\/\/blogs.pacasmayo.com\/felipe\/?page_id=2"},"modified":"2013-11-19T21:15:39","modified_gmt":"2013-11-19T21:15:39","slug":"yo","status":"publish","type":"page","link":"https:\/\/blogs.pacasmayo.com\/felipe\/yo\/","title":{"rendered":"\u00bfyo?"},"content":{"rendered":"<p><img loading=\"lazy\" decoding=\"async\" class=\"size-medium wp-image-9019 alignleft\" alt=\"IMG_8926_7_8_tonemapped2-1\" src=\"http:\/\/blogs.pacasmayo.com\/felipe\/files\/2012\/10\/IMG_8926_7_8_tonemapped2-1-300x199.jpg\" width=\"300\" height=\"199\" srcset=\"https:\/\/blogs.pacasmayo.com\/felipe\/files\/2012\/10\/IMG_8926_7_8_tonemapped2-1-300x199.jpg 300w, https:\/\/blogs.pacasmayo.com\/felipe\/files\/2012\/10\/IMG_8926_7_8_tonemapped2-1-1024x679.jpg 1024w, https:\/\/blogs.pacasmayo.com\/felipe\/files\/2012\/10\/IMG_8926_7_8_tonemapped2-1-120x80.jpg 120w\" sizes=\"auto, (max-width: 300px) 100vw, 300px\" \/>El son de las olas contra las piedras de la playa enmarcaron mi nacimiento, los patasaladas no podemos nacer de otra manera. \u00a0Ese inconfundible olor a mar, las campanadas del reloj municipal, el rebote de las bicicletas sobre las calles empedradas, afilar el run-run en los rieles del tren, s\u00ed, si todav\u00eda no te has dado cuenta, yo nac\u00ed en Pacasmayo.<\/p>\n<blockquote><p>Margaritas, margaritones&#8230;.<br \/>\nla industiaaa&#8230;<br \/>\ntamaaalis, humitas&#8230;<\/p><\/blockquote>\n<p>\u00bfqu\u00e9 ni\u00f1o pacasmayino no se ufan\u00f3 de ser el mejor imitador de alguno de nuestros personajes tan queridos y recordados?<\/p>\n<p>Rodeado de tantos libros, ninguno tan interesante como 30 minutos conversando con &#8220;La Juanita&#8221;, o admirando los pel\u00edcanos que tan osadamente se pasean por el malec\u00f3n, o salir medio nadando, medio corriendo del agua cuando alguien grita: un tibur\u00f3n&#8230; s\u00f3lo para ver tres juguetones bufeos saltando en su camino al sur&#8230; no, si no entendiste, no eres patasalada.<\/p>\n","protected":false},"excerpt":{"rendered":"<p>El son de las olas contra las piedras de la playa enmarcaron mi nacimiento, los patasaladas no podemos nacer de otra manera. \u00a0Ese inconfundible olor a mar, las campanadas del reloj municipal, el rebote de las bicicletas sobre las calles empedradas, afilar el run-run en los rieles del tren, s\u00ed, si todav\u00eda no te has [&hellip;]<\/p>\n","protected":false},"author":1,"featured_media":9019,"parent":0,"menu_order":0,"comment_status":"open","ping_status":"open","template":"","meta":{"footnotes":""},"class_list":["post-2","page","type-page","status-publish","hentry"],"_links":{"self":[{"href":"https:\/\/blogs.pacasmayo.com\/felipe\/wp-json\/wp\/v2\/pages\/2","targetHints":{"allow":["GET"]}}],"collection":[{"href":"https:\/\/blogs.pacasmayo.com\/felipe\/wp-json\/wp\/v2\/pages"}],"about":[{"href":"https:\/\/blogs.pacasmayo.com\/felipe\/wp-json\/wp\/v2\/types\/page"}],"author":[{"embeddable":true,"href":"https:\/\/blogs.pacasmayo.com\/felipe\/wp-json\/wp\/v2\/users\/1"}],"replies":[{"embeddable":true,"href":"https:\/\/blogs.pacasmayo.com\/felipe\/wp-json\/wp\/v2\/comments?post=2"}],"version-history":[{"count":0,"href":"https:\/\/blogs.pacasmayo.com\/felipe\/wp-json\/wp\/v2\/pages\/2\/revisions"}],"wp:featuredmedia":[{"embeddable":true,"href":"https:\/\/blogs.pacasmayo.com\/felipe\/wp-json\/wp\/v2\/media\/9019"}],"wp:attachment":[{"href":"https:\/\/blogs.pacasmayo.com\/felipe\/wp-json\/wp\/v2\/media?parent=2"}],"curies":[{"name":"wp","href":"https:\/\/api.w.org\/{rel}","templated":true}]}}