{"id":7,"date":"2013-10-14T14:42:25","date_gmt":"2013-10-14T14:42:25","guid":{"rendered":"http:\/\/blogs.pacasmayo.com\/estampaspacasmayinas\/?page_id=7"},"modified":"2013-10-14T14:42:25","modified_gmt":"2013-10-14T14:42:25","slug":"presentacion","status":"publish","type":"page","link":"https:\/\/blogs.pacasmayo.com\/estampaspacasmayinas\/presentacion\/","title":{"rendered":"Presentaci\u00f3n"},"content":{"rendered":"<p>La siguiente nota es repoducida de la revista &#8220;Takaynamo&#8221; de la ciudad de Chep\u00e9n.<\/p>\n<p align=\"center\"><em>Chep\u00e9n, 25 de Junio de 1982<\/em><\/p>\n<h5>ARTES Y LETRAS<\/h5>\n<hr \/>\n<h4>LIBROS Y REVISTAS<\/h4>\n<p align=\"center\"><strong>Por: Antonio Escobar Medivez<\/strong><\/p>\n<p><strong>ESTAMPAS PACASMAYINAS<\/strong><\/p>\n<p>El a\u00f1o 1975, Octavio Polo Brice\u00f1o, residente en Pacasmayo y pastor de la Iglesia Bautista de ese distrito, public\u00f3 &#8220;Estampas Pacasmayinas&#8221;, singular obra literaria, que el autor ha realizado movido por &#8220;la continua b\u00fasqueda del folklore del distrito de Pacasmayo por estudiantes de los diferentes niveles educacionales hizo que naciera Estampas Pacasmayinas&#8221;.<\/p>\n<p>Introducirnos en las p\u00e1ginas de Estampas Pacasmayinas, es recorrer Pacasmayo y extasiarse caminando por su mercado, mirar las placeras, las cocineras, las herbolarias, las vendedoras de pescado. Con un estilo muy peculiar Octavio Polo Brice\u00f1o nos habla de la Feria de los Lunes, de las &#8220;chunchas&#8221; pacasmayinas&#8221;; donde narra c\u00f3mo se ba\u00f1aban antes en las playas de ese puerto. &#8220;Las damas vest\u00edan con recato, usaban unos vestidos negros de lanilla, que les cubr\u00eda desde la mu\u00f1eca de la mano hasta los tobillos. As\u00ed se manifestaba la coqueter\u00eda femenina, en cambio ahora se ense\u00f1a todo, no se cubre nada&#8230; Los cabelleros usaban una camiseta grande con franjas, que les daba un airecito de presos&#8230;&#8221;.<\/p>\n<p><strong>Octavio Polo Brice\u00f1o<\/strong>, ha sabido con su obra Estampas Pacasmayinas, mostrarnos lo que fue Pacasmayo hasta 1973. En su incansable b\u00fasqueda, ha logrado descubrir personajes olvidados de ese distrito: La tamalera, los pastorcitos de navidad, la florista, el Chino (un canillita vendedor de diarios&#8230; El chino es muy trabajador. &#8220;\u00a1Y efectivamente lo es! Fig\u00farense que tiene carro, camioneta, televisor y ritmo musical. Todo comprado con sus ahorros&#8221;), Torbellino &#8211; Gloria de los Espartanos, la peluquer\u00eda &#8220;El Peneca&#8221;, &#8220;El tigre a la Orden&#8221;, la loca Mar\u00eda (hermoso personaje que \u00faltimamente ya no vemos por las calles de Pacasmayo). De ella nos dice el autor: &#8220;Estamos seguros que no ha existido, ni existir\u00e1, en la historia de Pacasmayo un dedo tan &#8220;sustancioso&#8221; como el dedo de la loca Mar\u00eda&#8221;. Tambi\u00e9n recuerda Polo Brice\u00f1o al &#8220;Loco Gardel&#8221; y lo incluye en su obra Leyendas Pacasmayinas.<\/p>\n<p>Esta singular obra impresa en su mime\u00f3grafo casero, en un tiraje de cien ejemplares, es de suma importancia para la Provincia de Pacasmayo. Lamentamos lo corto del tiraje, pero conociendo las limitaciones existentes para la publicaci\u00f3n de este tipo de obras, se justifica.<\/p>\n<p>Octavio Polo Brice\u00f1o public\u00f3 tambi\u00e9n ese mismo a\u00f1o\u00a0<strong>Pacasmayo Hist\u00f3rico<\/strong>\u00a0obra que comentaremos posteriormente. Tiene diferentes trabajos que esperan ver la luz, &#8220;pero resulta tan caro publicar&#8221; que est\u00e1n durmiendo el sue\u00f1o de los justos. Tiene una hermosa biblioteca, donde brinda atenci\u00f3n a miles de estudiantes de Pacasmayo y San Pedro de Lloc.<\/p>\n<p>Saludamos y abrazamos a Octavio Polo Brice\u00f1o, incansable investigador, narrador y buen amigo, y le pedimos siga bregando en esta hermosa tarea de difundir la cultura.<\/p>\n","protected":false},"excerpt":{"rendered":"<p>La siguiente nota es repoducida de la revista &#8220;Takaynamo&#8221; de la ciudad de Chep\u00e9n. Chep\u00e9n, 25 de Junio de 1982 ARTES Y LETRAS LIBROS Y REVISTAS Por: Antonio Escobar Medivez&hellip; <\/p>\n","protected":false},"author":1,"featured_media":0,"parent":0,"menu_order":0,"comment_status":"open","ping_status":"open","template":"","meta":{"footnotes":""},"class_list":["post-7","page","type-page","status-publish","hentry"],"yoast_head":"<!-- This site is optimized with the Yoast SEO plugin v27.4 - https:\/\/yoast.com\/product\/yoast-seo-wordpress\/ -->\n<title>Presentaci\u00f3n - Estampas Pacasmayinas<\/title>\n<meta name=\"robots\" content=\"index, follow, max-snippet:-1, max-image-preview:large, max-video-preview:-1\" \/>\n<link rel=\"canonical\" href=\"https:\/\/blogs.pacasmayo.com\/estampaspacasmayinas\/presentacion\/\" \/>\n<meta property=\"og:locale\" content=\"en_US\" \/>\n<meta property=\"og:type\" content=\"article\" \/>\n<meta property=\"og:title\" content=\"Presentaci\u00f3n - Estampas Pacasmayinas\" \/>\n<meta property=\"og:description\" content=\"La siguiente nota es repoducida de la revista &#8220;Takaynamo&#8221; de la ciudad de Chep\u00e9n. Chep\u00e9n, 25 de Junio de 1982 ARTES Y LETRAS LIBROS Y REVISTAS Por: Antonio Escobar Medivez&hellip;\" \/>\n<meta property=\"og:url\" content=\"https:\/\/blogs.pacasmayo.com\/estampaspacasmayinas\/presentacion\/\" \/>\n<meta property=\"og:site_name\" content=\"Estampas Pacasmayinas\" \/>\n<meta name=\"twitter:card\" content=\"summary_large_image\" \/>\n<meta name=\"twitter:label1\" content=\"Est. reading time\" \/>\n\t<meta name=\"twitter:data1\" content=\"2 minutes\" \/>\n<script type=\"application\/ld+json\" class=\"yoast-schema-graph\">{\"@context\":\"https:\\\/\\\/schema.org\",\"@graph\":[{\"@type\":\"WebPage\",\"@id\":\"https:\\\/\\\/blogs.pacasmayo.com\\\/estampaspacasmayinas\\\/presentacion\\\/\",\"url\":\"https:\\\/\\\/blogs.pacasmayo.com\\\/estampaspacasmayinas\\\/presentacion\\\/\",\"name\":\"Presentaci\u00f3n - Estampas Pacasmayinas\",\"isPartOf\":{\"@id\":\"https:\\\/\\\/blogs.pacasmayo.com\\\/estampaspacasmayinas\\\/#website\"},\"datePublished\":\"2013-10-14T14:42:25+00:00\",\"breadcrumb\":{\"@id\":\"https:\\\/\\\/blogs.pacasmayo.com\\\/estampaspacasmayinas\\\/presentacion\\\/#breadcrumb\"},\"inLanguage\":\"en-US\",\"potentialAction\":[{\"@type\":\"ReadAction\",\"target\":[\"https:\\\/\\\/blogs.pacasmayo.com\\\/estampaspacasmayinas\\\/presentacion\\\/\"]}]},{\"@type\":\"BreadcrumbList\",\"@id\":\"https:\\\/\\\/blogs.pacasmayo.com\\\/estampaspacasmayinas\\\/presentacion\\\/#breadcrumb\",\"itemListElement\":[{\"@type\":\"ListItem\",\"position\":1,\"name\":\"Portada\",\"item\":\"https:\\\/\\\/blogs.pacasmayo.com\\\/estampaspacasmayinas\\\/\"},{\"@type\":\"ListItem\",\"position\":2,\"name\":\"Presentaci\u00f3n\"}]},{\"@type\":\"WebSite\",\"@id\":\"https:\\\/\\\/blogs.pacasmayo.com\\\/estampaspacasmayinas\\\/#website\",\"url\":\"https:\\\/\\\/blogs.pacasmayo.com\\\/estampaspacasmayinas\\\/\",\"name\":\"Estampas Pacasmayinas\",\"description\":\"Retratos de la vida diaria\",\"potentialAction\":[{\"@type\":\"SearchAction\",\"target\":{\"@type\":\"EntryPoint\",\"urlTemplate\":\"https:\\\/\\\/blogs.pacasmayo.com\\\/estampaspacasmayinas\\\/?s={search_term_string}\"},\"query-input\":{\"@type\":\"PropertyValueSpecification\",\"valueRequired\":true,\"valueName\":\"search_term_string\"}}],\"inLanguage\":\"en-US\"}]}<\/script>\n<!-- \/ Yoast SEO plugin. -->","yoast_head_json":{"title":"Presentaci\u00f3n - Estampas Pacasmayinas","robots":{"index":"index","follow":"follow","max-snippet":"max-snippet:-1","max-image-preview":"max-image-preview:large","max-video-preview":"max-video-preview:-1"},"canonical":"https:\/\/blogs.pacasmayo.com\/estampaspacasmayinas\/presentacion\/","og_locale":"en_US","og_type":"article","og_title":"Presentaci\u00f3n - Estampas Pacasmayinas","og_description":"La siguiente nota es repoducida de la revista &#8220;Takaynamo&#8221; de la ciudad de Chep\u00e9n. Chep\u00e9n, 25 de Junio de 1982 ARTES Y LETRAS LIBROS Y REVISTAS Por: Antonio Escobar Medivez&hellip;","og_url":"https:\/\/blogs.pacasmayo.com\/estampaspacasmayinas\/presentacion\/","og_site_name":"Estampas Pacasmayinas","twitter_card":"summary_large_image","twitter_misc":{"Est. reading time":"2 minutes"},"schema":{"@context":"https:\/\/schema.org","@graph":[{"@type":"WebPage","@id":"https:\/\/blogs.pacasmayo.com\/estampaspacasmayinas\/presentacion\/","url":"https:\/\/blogs.pacasmayo.com\/estampaspacasmayinas\/presentacion\/","name":"Presentaci\u00f3n - Estampas Pacasmayinas","isPartOf":{"@id":"https:\/\/blogs.pacasmayo.com\/estampaspacasmayinas\/#website"},"datePublished":"2013-10-14T14:42:25+00:00","breadcrumb":{"@id":"https:\/\/blogs.pacasmayo.com\/estampaspacasmayinas\/presentacion\/#breadcrumb"},"inLanguage":"en-US","potentialAction":[{"@type":"ReadAction","target":["https:\/\/blogs.pacasmayo.com\/estampaspacasmayinas\/presentacion\/"]}]},{"@type":"BreadcrumbList","@id":"https:\/\/blogs.pacasmayo.com\/estampaspacasmayinas\/presentacion\/#breadcrumb","itemListElement":[{"@type":"ListItem","position":1,"name":"Portada","item":"https:\/\/blogs.pacasmayo.com\/estampaspacasmayinas\/"},{"@type":"ListItem","position":2,"name":"Presentaci\u00f3n"}]},{"@type":"WebSite","@id":"https:\/\/blogs.pacasmayo.com\/estampaspacasmayinas\/#website","url":"https:\/\/blogs.pacasmayo.com\/estampaspacasmayinas\/","name":"Estampas Pacasmayinas","description":"Retratos de la vida diaria","potentialAction":[{"@type":"SearchAction","target":{"@type":"EntryPoint","urlTemplate":"https:\/\/blogs.pacasmayo.com\/estampaspacasmayinas\/?s={search_term_string}"},"query-input":{"@type":"PropertyValueSpecification","valueRequired":true,"valueName":"search_term_string"}}],"inLanguage":"en-US"}]}},"_links":{"self":[{"href":"https:\/\/blogs.pacasmayo.com\/estampaspacasmayinas\/wp-json\/wp\/v2\/pages\/7","targetHints":{"allow":["GET"]}}],"collection":[{"href":"https:\/\/blogs.pacasmayo.com\/estampaspacasmayinas\/wp-json\/wp\/v2\/pages"}],"about":[{"href":"https:\/\/blogs.pacasmayo.com\/estampaspacasmayinas\/wp-json\/wp\/v2\/types\/page"}],"author":[{"embeddable":true,"href":"https:\/\/blogs.pacasmayo.com\/estampaspacasmayinas\/wp-json\/wp\/v2\/users\/1"}],"replies":[{"embeddable":true,"href":"https:\/\/blogs.pacasmayo.com\/estampaspacasmayinas\/wp-json\/wp\/v2\/comments?post=7"}],"version-history":[{"count":0,"href":"https:\/\/blogs.pacasmayo.com\/estampaspacasmayinas\/wp-json\/wp\/v2\/pages\/7\/revisions"}],"wp:attachment":[{"href":"https:\/\/blogs.pacasmayo.com\/estampaspacasmayinas\/wp-json\/wp\/v2\/media?parent=7"}],"curies":[{"name":"wp","href":"https:\/\/api.w.org\/{rel}","templated":true}]}}