{"id":5,"date":"2013-10-14T14:41:10","date_gmt":"2013-10-14T14:41:10","guid":{"rendered":"http:\/\/blogs.pacasmayo.com\/estampaspacasmayinas\/?page_id=5"},"modified":"2023-10-26T01:33:35","modified_gmt":"2023-10-26T01:33:35","slug":"introduccion","status":"publish","type":"page","link":"https:\/\/blogs.pacasmayo.com\/estampaspacasmayinas\/","title":{"rendered":"Introducci\u00f3n"},"content":{"rendered":"<h3>DEDICATORIA<\/h3>\n<p>Dedico este humilde trabajo a honrar la memoria de mi abuela do\u00f1a Manuela Osorio Ledesma, qui\u00e9n con sus excelentes dotes de narradora fascin\u00f3 mi mente infantil, para que m\u00e1s luego despertara en un deseo insaciable de lectura.<\/p>\n<h3>ORIGEN DE ESTAMPAS PACASMAYINAS<\/h3>\n<p>La continua b\u00fasqueda del folklore del distrito de Pacasmayo por estudiantes de los diferentes niveles educacionales hizo que nacieran Estampas Pacasmayinas.<br \/>\nLa tarea del autor en parte ha sido recoger las fascinantes tradiciones y leyendas del pueblo con el prop\u00f3sito de contribuir a un estudio serio de la mentalidad del pueblo pacasmayino.<br \/>\nEl material recogido con el cual ha sido elaborado Estampas Pacasmayinas, ha sido hecho oyendo personalmente a la gente hablar de los misterios que en su mundo creen ver y oir&#8230; Claro que en el aderezo hay mucho del gusto particular del autor.<br \/>\nAl principio fu\u00ed reacio a imprimir Estampas Pacasmayinas, pensando que por tratarse de una tarea limitada y de un estilo sencillo no tendr\u00eda aceptaci\u00f3n, pero ahora al ver las multiples tesis que han sido adornadas con las humildes Estampas Pacasmayinas y, que d\u00eda a d\u00eda los escolares siguen busc\u00e1ndolas, me he animado a hacer un cort\u00edsimo tiraje, en un equipo puramente casero, y as\u00ed ponerlo al servicio del pueblo.<\/p>\n<p><a title=\"Octavio Polo Brice\u00f1o\" href=\"http:\/\/blogs.pacasmayo.com\/estampaspacasmayinas\/octavio-polo-briceno\/\">Octavio Polo Brice\u00f1o<\/a><\/p>\n","protected":false},"excerpt":{"rendered":"<p>DEDICATORIA Dedico este humilde trabajo a honrar la memoria de mi abuela do\u00f1a Manuela Osorio Ledesma, qui\u00e9n con sus excelentes dotes de narradora fascin\u00f3 mi mente infantil, para que m\u00e1s&hellip; <\/p>\n","protected":false},"author":1,"featured_media":0,"parent":0,"menu_order":0,"comment_status":"open","ping_status":"open","template":"","meta":{"footnotes":""},"class_list":["post-5","page","type-page","status-publish","hentry"],"yoast_head":"<!-- This site is optimized with the Yoast SEO plugin v27.4 - https:\/\/yoast.com\/product\/yoast-seo-wordpress\/ -->\n<title>Introducci\u00f3n - Estampas Pacasmayinas<\/title>\n<meta name=\"description\" content=\"Descubre &quot;Estampas Pacasmayinas&quot;, una recopilaci\u00f3n fascinante de tradiciones y leyendas del distrito de Pacasmayo, realizada por Octavio Polo Brice\u00f1o para preservar la rica cultura de la comunidad y fomentar la lectura.\" \/>\n<meta name=\"robots\" content=\"index, follow, max-snippet:-1, max-image-preview:large, max-video-preview:-1\" \/>\n<link rel=\"canonical\" href=\"https:\/\/blogs.pacasmayo.com\/estampaspacasmayinas\/\" \/>\n<meta property=\"og:locale\" content=\"en_US\" \/>\n<meta property=\"og:type\" content=\"article\" \/>\n<meta property=\"og:title\" content=\"Introducci\u00f3n - Estampas Pacasmayinas\" \/>\n<meta property=\"og:description\" content=\"Descubre &quot;Estampas Pacasmayinas&quot;, una recopilaci\u00f3n fascinante de tradiciones y leyendas del distrito de Pacasmayo, realizada por Octavio Polo Brice\u00f1o para preservar la rica cultura de la comunidad y fomentar la lectura.\" \/>\n<meta property=\"og:url\" content=\"https:\/\/blogs.pacasmayo.com\/estampaspacasmayinas\/\" \/>\n<meta property=\"og:site_name\" content=\"Estampas Pacasmayinas\" \/>\n<meta property=\"article:modified_time\" content=\"2023-10-26T01:33:35+00:00\" \/>\n<meta name=\"twitter:card\" content=\"summary_large_image\" \/>\n<meta name=\"twitter:label1\" content=\"Est. reading time\" \/>\n\t<meta name=\"twitter:data1\" content=\"1 minute\" \/>\n<script type=\"application\/ld+json\" class=\"yoast-schema-graph\">{\"@context\":\"https:\\\/\\\/schema.org\",\"@graph\":[{\"@type\":\"WebPage\",\"@id\":\"https:\\\/\\\/blogs.pacasmayo.com\\\/estampaspacasmayinas\\\/\",\"url\":\"https:\\\/\\\/blogs.pacasmayo.com\\\/estampaspacasmayinas\\\/\",\"name\":\"Introducci\u00f3n - Estampas Pacasmayinas\",\"isPartOf\":{\"@id\":\"https:\\\/\\\/blogs.pacasmayo.com\\\/estampaspacasmayinas\\\/#website\"},\"datePublished\":\"2013-10-14T14:41:10+00:00\",\"dateModified\":\"2023-10-26T01:33:35+00:00\",\"description\":\"Descubre \\\"Estampas Pacasmayinas\\\", una recopilaci\u00f3n fascinante de tradiciones y leyendas del distrito de Pacasmayo, realizada por Octavio Polo Brice\u00f1o para preservar la rica cultura de la comunidad y fomentar la lectura.\",\"breadcrumb\":{\"@id\":\"https:\\\/\\\/blogs.pacasmayo.com\\\/estampaspacasmayinas\\\/#breadcrumb\"},\"inLanguage\":\"en-US\",\"potentialAction\":[{\"@type\":\"ReadAction\",\"target\":[\"https:\\\/\\\/blogs.pacasmayo.com\\\/estampaspacasmayinas\\\/\"]}]},{\"@type\":\"BreadcrumbList\",\"@id\":\"https:\\\/\\\/blogs.pacasmayo.com\\\/estampaspacasmayinas\\\/#breadcrumb\",\"itemListElement\":[{\"@type\":\"ListItem\",\"position\":1,\"name\":\"Portada\",\"item\":\"https:\\\/\\\/blogs.pacasmayo.com\\\/estampaspacasmayinas\\\/\"},{\"@type\":\"ListItem\",\"position\":2,\"name\":\"Introducci\u00f3n\"}]},{\"@type\":\"WebSite\",\"@id\":\"https:\\\/\\\/blogs.pacasmayo.com\\\/estampaspacasmayinas\\\/#website\",\"url\":\"https:\\\/\\\/blogs.pacasmayo.com\\\/estampaspacasmayinas\\\/\",\"name\":\"Estampas Pacasmayinas\",\"description\":\"Retratos de la vida diaria\",\"potentialAction\":[{\"@type\":\"SearchAction\",\"target\":{\"@type\":\"EntryPoint\",\"urlTemplate\":\"https:\\\/\\\/blogs.pacasmayo.com\\\/estampaspacasmayinas\\\/?s={search_term_string}\"},\"query-input\":{\"@type\":\"PropertyValueSpecification\",\"valueRequired\":true,\"valueName\":\"search_term_string\"}}],\"inLanguage\":\"en-US\"}]}<\/script>\n<!-- \/ Yoast SEO plugin. -->","yoast_head_json":{"title":"Introducci\u00f3n - Estampas Pacasmayinas","description":"Descubre \"Estampas Pacasmayinas\", una recopilaci\u00f3n fascinante de tradiciones y leyendas del distrito de Pacasmayo, realizada por Octavio Polo Brice\u00f1o para preservar la rica cultura de la comunidad y fomentar la lectura.","robots":{"index":"index","follow":"follow","max-snippet":"max-snippet:-1","max-image-preview":"max-image-preview:large","max-video-preview":"max-video-preview:-1"},"canonical":"https:\/\/blogs.pacasmayo.com\/estampaspacasmayinas\/","og_locale":"en_US","og_type":"article","og_title":"Introducci\u00f3n - Estampas Pacasmayinas","og_description":"Descubre \"Estampas Pacasmayinas\", una recopilaci\u00f3n fascinante de tradiciones y leyendas del distrito de Pacasmayo, realizada por Octavio Polo Brice\u00f1o para preservar la rica cultura de la comunidad y fomentar la lectura.","og_url":"https:\/\/blogs.pacasmayo.com\/estampaspacasmayinas\/","og_site_name":"Estampas Pacasmayinas","article_modified_time":"2023-10-26T01:33:35+00:00","twitter_card":"summary_large_image","twitter_misc":{"Est. reading time":"1 minute"},"schema":{"@context":"https:\/\/schema.org","@graph":[{"@type":"WebPage","@id":"https:\/\/blogs.pacasmayo.com\/estampaspacasmayinas\/","url":"https:\/\/blogs.pacasmayo.com\/estampaspacasmayinas\/","name":"Introducci\u00f3n - Estampas Pacasmayinas","isPartOf":{"@id":"https:\/\/blogs.pacasmayo.com\/estampaspacasmayinas\/#website"},"datePublished":"2013-10-14T14:41:10+00:00","dateModified":"2023-10-26T01:33:35+00:00","description":"Descubre \"Estampas Pacasmayinas\", una recopilaci\u00f3n fascinante de tradiciones y leyendas del distrito de Pacasmayo, realizada por Octavio Polo Brice\u00f1o para preservar la rica cultura de la comunidad y fomentar la lectura.","breadcrumb":{"@id":"https:\/\/blogs.pacasmayo.com\/estampaspacasmayinas\/#breadcrumb"},"inLanguage":"en-US","potentialAction":[{"@type":"ReadAction","target":["https:\/\/blogs.pacasmayo.com\/estampaspacasmayinas\/"]}]},{"@type":"BreadcrumbList","@id":"https:\/\/blogs.pacasmayo.com\/estampaspacasmayinas\/#breadcrumb","itemListElement":[{"@type":"ListItem","position":1,"name":"Portada","item":"https:\/\/blogs.pacasmayo.com\/estampaspacasmayinas\/"},{"@type":"ListItem","position":2,"name":"Introducci\u00f3n"}]},{"@type":"WebSite","@id":"https:\/\/blogs.pacasmayo.com\/estampaspacasmayinas\/#website","url":"https:\/\/blogs.pacasmayo.com\/estampaspacasmayinas\/","name":"Estampas Pacasmayinas","description":"Retratos de la vida diaria","potentialAction":[{"@type":"SearchAction","target":{"@type":"EntryPoint","urlTemplate":"https:\/\/blogs.pacasmayo.com\/estampaspacasmayinas\/?s={search_term_string}"},"query-input":{"@type":"PropertyValueSpecification","valueRequired":true,"valueName":"search_term_string"}}],"inLanguage":"en-US"}]}},"_links":{"self":[{"href":"https:\/\/blogs.pacasmayo.com\/estampaspacasmayinas\/wp-json\/wp\/v2\/pages\/5","targetHints":{"allow":["GET"]}}],"collection":[{"href":"https:\/\/blogs.pacasmayo.com\/estampaspacasmayinas\/wp-json\/wp\/v2\/pages"}],"about":[{"href":"https:\/\/blogs.pacasmayo.com\/estampaspacasmayinas\/wp-json\/wp\/v2\/types\/page"}],"author":[{"embeddable":true,"href":"https:\/\/blogs.pacasmayo.com\/estampaspacasmayinas\/wp-json\/wp\/v2\/users\/1"}],"replies":[{"embeddable":true,"href":"https:\/\/blogs.pacasmayo.com\/estampaspacasmayinas\/wp-json\/wp\/v2\/comments?post=5"}],"version-history":[{"count":1,"href":"https:\/\/blogs.pacasmayo.com\/estampaspacasmayinas\/wp-json\/wp\/v2\/pages\/5\/revisions"}],"predecessor-version":[{"id":261,"href":"https:\/\/blogs.pacasmayo.com\/estampaspacasmayinas\/wp-json\/wp\/v2\/pages\/5\/revisions\/261"}],"wp:attachment":[{"href":"https:\/\/blogs.pacasmayo.com\/estampaspacasmayinas\/wp-json\/wp\/v2\/media?parent=5"}],"curies":[{"name":"wp","href":"https:\/\/api.w.org\/{rel}","templated":true}]}}