{"id":142,"date":"2013-10-14T17:03:56","date_gmt":"2013-10-14T17:03:56","guid":{"rendered":"http:\/\/blogs.pacasmayo.com\/estampaspacasmayinas\/?page_id=142"},"modified":"2013-10-14T17:28:52","modified_gmt":"2013-10-14T17:28:52","slug":"supersticiones","status":"publish","type":"page","link":"https:\/\/blogs.pacasmayo.com\/estampaspacasmayinas\/supersticiones\/","title":{"rendered":"Supersticiones"},"content":{"rendered":"<p>La superstici\u00f3n es la desviaci\u00f3n de la fe verdadera hacia creencias falsas y temores infundados. Los pacasmayinos est\u00e1n fuertemente atados a las supersticiones heredadas de sus antepasados. Cuando algo les sale mal, creen que han ca\u00eddo en desgracia con los seres del mundo invisible. De inmediato acuden al curandero, \u00fanico personaje que puede neutralizar o restablecer la buena armon\u00eda entre el hombre y los esp\u00edritus. De esta manera la superstici\u00f3n ha llegado a ser una fuente lucrativa para curanderos y rezadores.<\/p>\n<ul class=\"display-posts-listing\"><li class=\"listing-item\"><a class=\"title\" href=\"https:\/\/blogs.pacasmayo.com\/estampaspacasmayinas\/el-susto\/\">El Susto<\/a><\/li><li class=\"listing-item\"><a class=\"title\" href=\"https:\/\/blogs.pacasmayo.com\/estampaspacasmayinas\/la-chupada\/\">La Chupada<\/a><\/li><li class=\"listing-item\"><a class=\"title\" href=\"https:\/\/blogs.pacasmayo.com\/estampaspacasmayinas\/el-mal-de-ojo\/\">El Mal de Ojo<\/a><\/li><li class=\"listing-item\"><a class=\"title\" href=\"https:\/\/blogs.pacasmayo.com\/estampaspacasmayinas\/el-chucaque\/\">El Chucaque<\/a><\/li><li class=\"listing-item\"><a class=\"title\" href=\"https:\/\/blogs.pacasmayo.com\/estampaspacasmayinas\/fetiches-o-amuletos\/\">Fetiches o Amuletos<\/a><\/li><li class=\"listing-item\"><a class=\"title\" href=\"https:\/\/blogs.pacasmayo.com\/estampaspacasmayinas\/brujos-y-brujas\/\">Brujos y Brujas<\/a><\/li><li class=\"listing-item\"><a class=\"title\" href=\"https:\/\/blogs.pacasmayo.com\/estampaspacasmayinas\/la-magia-blanca\/\">La Magia Blanca<\/a><\/li><li class=\"listing-item\"><a class=\"title\" href=\"https:\/\/blogs.pacasmayo.com\/estampaspacasmayinas\/creencias-populares\/\">Creencias Populares<\/a><\/li><\/ul>\n","protected":false},"excerpt":{"rendered":"<p>La superstici\u00f3n es la desviaci\u00f3n de la fe verdadera hacia creencias falsas y temores infundados. Los pacasmayinos est\u00e1n fuertemente atados a las supersticiones heredadas de sus antepasados. Cuando algo les&hellip; <\/p>\n","protected":false},"author":1,"featured_media":0,"parent":0,"menu_order":0,"comment_status":"open","ping_status":"open","template":"","meta":{"footnotes":""},"class_list":["post-142","page","type-page","status-publish","hentry"],"yoast_head":"<!-- This site is optimized with the Yoast SEO plugin v27.4 - https:\/\/yoast.com\/product\/yoast-seo-wordpress\/ -->\n<title>Supersticiones - Estampas Pacasmayinas<\/title>\n<meta name=\"robots\" content=\"index, follow, max-snippet:-1, max-image-preview:large, max-video-preview:-1\" \/>\n<link rel=\"canonical\" href=\"https:\/\/blogs.pacasmayo.com\/estampaspacasmayinas\/supersticiones\/\" \/>\n<meta property=\"og:locale\" content=\"en_US\" \/>\n<meta property=\"og:type\" content=\"article\" \/>\n<meta property=\"og:title\" content=\"Supersticiones - Estampas Pacasmayinas\" \/>\n<meta property=\"og:description\" content=\"La superstici\u00f3n es la desviaci\u00f3n de la fe verdadera hacia creencias falsas y temores infundados. Los pacasmayinos est\u00e1n fuertemente atados a las supersticiones heredadas de sus antepasados. Cuando algo les&hellip;\" \/>\n<meta property=\"og:url\" content=\"https:\/\/blogs.pacasmayo.com\/estampaspacasmayinas\/supersticiones\/\" \/>\n<meta property=\"og:site_name\" content=\"Estampas Pacasmayinas\" \/>\n<meta property=\"article:modified_time\" content=\"2013-10-14T17:28:52+00:00\" \/>\n<meta name=\"twitter:card\" content=\"summary_large_image\" \/>\n<script type=\"application\/ld+json\" class=\"yoast-schema-graph\">{\"@context\":\"https:\\\/\\\/schema.org\",\"@graph\":[{\"@type\":\"WebPage\",\"@id\":\"https:\\\/\\\/blogs.pacasmayo.com\\\/estampaspacasmayinas\\\/supersticiones\\\/\",\"url\":\"https:\\\/\\\/blogs.pacasmayo.com\\\/estampaspacasmayinas\\\/supersticiones\\\/\",\"name\":\"Supersticiones - Estampas Pacasmayinas\",\"isPartOf\":{\"@id\":\"https:\\\/\\\/blogs.pacasmayo.com\\\/estampaspacasmayinas\\\/#website\"},\"datePublished\":\"2013-10-14T17:03:56+00:00\",\"dateModified\":\"2013-10-14T17:28:52+00:00\",\"breadcrumb\":{\"@id\":\"https:\\\/\\\/blogs.pacasmayo.com\\\/estampaspacasmayinas\\\/supersticiones\\\/#breadcrumb\"},\"inLanguage\":\"en-US\",\"potentialAction\":[{\"@type\":\"ReadAction\",\"target\":[\"https:\\\/\\\/blogs.pacasmayo.com\\\/estampaspacasmayinas\\\/supersticiones\\\/\"]}]},{\"@type\":\"BreadcrumbList\",\"@id\":\"https:\\\/\\\/blogs.pacasmayo.com\\\/estampaspacasmayinas\\\/supersticiones\\\/#breadcrumb\",\"itemListElement\":[{\"@type\":\"ListItem\",\"position\":1,\"name\":\"Portada\",\"item\":\"https:\\\/\\\/blogs.pacasmayo.com\\\/estampaspacasmayinas\\\/\"},{\"@type\":\"ListItem\",\"position\":2,\"name\":\"Supersticiones\"}]},{\"@type\":\"WebSite\",\"@id\":\"https:\\\/\\\/blogs.pacasmayo.com\\\/estampaspacasmayinas\\\/#website\",\"url\":\"https:\\\/\\\/blogs.pacasmayo.com\\\/estampaspacasmayinas\\\/\",\"name\":\"Estampas Pacasmayinas\",\"description\":\"Retratos de la vida diaria\",\"potentialAction\":[{\"@type\":\"SearchAction\",\"target\":{\"@type\":\"EntryPoint\",\"urlTemplate\":\"https:\\\/\\\/blogs.pacasmayo.com\\\/estampaspacasmayinas\\\/?s={search_term_string}\"},\"query-input\":{\"@type\":\"PropertyValueSpecification\",\"valueRequired\":true,\"valueName\":\"search_term_string\"}}],\"inLanguage\":\"en-US\"}]}<\/script>\n<!-- \/ Yoast SEO plugin. -->","yoast_head_json":{"title":"Supersticiones - Estampas Pacasmayinas","robots":{"index":"index","follow":"follow","max-snippet":"max-snippet:-1","max-image-preview":"max-image-preview:large","max-video-preview":"max-video-preview:-1"},"canonical":"https:\/\/blogs.pacasmayo.com\/estampaspacasmayinas\/supersticiones\/","og_locale":"en_US","og_type":"article","og_title":"Supersticiones - Estampas Pacasmayinas","og_description":"La superstici\u00f3n es la desviaci\u00f3n de la fe verdadera hacia creencias falsas y temores infundados. Los pacasmayinos est\u00e1n fuertemente atados a las supersticiones heredadas de sus antepasados. Cuando algo les&hellip;","og_url":"https:\/\/blogs.pacasmayo.com\/estampaspacasmayinas\/supersticiones\/","og_site_name":"Estampas Pacasmayinas","article_modified_time":"2013-10-14T17:28:52+00:00","twitter_card":"summary_large_image","schema":{"@context":"https:\/\/schema.org","@graph":[{"@type":"WebPage","@id":"https:\/\/blogs.pacasmayo.com\/estampaspacasmayinas\/supersticiones\/","url":"https:\/\/blogs.pacasmayo.com\/estampaspacasmayinas\/supersticiones\/","name":"Supersticiones - Estampas Pacasmayinas","isPartOf":{"@id":"https:\/\/blogs.pacasmayo.com\/estampaspacasmayinas\/#website"},"datePublished":"2013-10-14T17:03:56+00:00","dateModified":"2013-10-14T17:28:52+00:00","breadcrumb":{"@id":"https:\/\/blogs.pacasmayo.com\/estampaspacasmayinas\/supersticiones\/#breadcrumb"},"inLanguage":"en-US","potentialAction":[{"@type":"ReadAction","target":["https:\/\/blogs.pacasmayo.com\/estampaspacasmayinas\/supersticiones\/"]}]},{"@type":"BreadcrumbList","@id":"https:\/\/blogs.pacasmayo.com\/estampaspacasmayinas\/supersticiones\/#breadcrumb","itemListElement":[{"@type":"ListItem","position":1,"name":"Portada","item":"https:\/\/blogs.pacasmayo.com\/estampaspacasmayinas\/"},{"@type":"ListItem","position":2,"name":"Supersticiones"}]},{"@type":"WebSite","@id":"https:\/\/blogs.pacasmayo.com\/estampaspacasmayinas\/#website","url":"https:\/\/blogs.pacasmayo.com\/estampaspacasmayinas\/","name":"Estampas Pacasmayinas","description":"Retratos de la vida diaria","potentialAction":[{"@type":"SearchAction","target":{"@type":"EntryPoint","urlTemplate":"https:\/\/blogs.pacasmayo.com\/estampaspacasmayinas\/?s={search_term_string}"},"query-input":{"@type":"PropertyValueSpecification","valueRequired":true,"valueName":"search_term_string"}}],"inLanguage":"en-US"}]}},"_links":{"self":[{"href":"https:\/\/blogs.pacasmayo.com\/estampaspacasmayinas\/wp-json\/wp\/v2\/pages\/142","targetHints":{"allow":["GET"]}}],"collection":[{"href":"https:\/\/blogs.pacasmayo.com\/estampaspacasmayinas\/wp-json\/wp\/v2\/pages"}],"about":[{"href":"https:\/\/blogs.pacasmayo.com\/estampaspacasmayinas\/wp-json\/wp\/v2\/types\/page"}],"author":[{"embeddable":true,"href":"https:\/\/blogs.pacasmayo.com\/estampaspacasmayinas\/wp-json\/wp\/v2\/users\/1"}],"replies":[{"embeddable":true,"href":"https:\/\/blogs.pacasmayo.com\/estampaspacasmayinas\/wp-json\/wp\/v2\/comments?post=142"}],"version-history":[{"count":0,"href":"https:\/\/blogs.pacasmayo.com\/estampaspacasmayinas\/wp-json\/wp\/v2\/pages\/142\/revisions"}],"wp:attachment":[{"href":"https:\/\/blogs.pacasmayo.com\/estampaspacasmayinas\/wp-json\/wp\/v2\/media?parent=142"}],"curies":[{"name":"wp","href":"https:\/\/api.w.org\/{rel}","templated":true}]}}