{"id":136,"date":"2013-10-14T17:01:57","date_gmt":"2013-10-14T17:01:57","guid":{"rendered":"http:\/\/blogs.pacasmayo.com\/estampaspacasmayinas\/?page_id=136"},"modified":"2013-10-14T17:02:44","modified_gmt":"2013-10-14T17:02:44","slug":"fiestas","status":"publish","type":"page","link":"https:\/\/blogs.pacasmayo.com\/estampaspacasmayinas\/fiestas\/","title":{"rendered":"Fiestas"},"content":{"rendered":"<p>Para los pacasmayinos las fiestas religiosas son muy importantes, parecer\u00eda que afectan lo m\u00e1s \u00edntimo de sus vidas. No tanto por demostraci\u00f3n piadosa sino porque en las fiestas ellos se divierten bailando, se embriagan para encontrar alivio emocional y exaltaci\u00f3n. Adem\u00e1s de la fiesta de la patrona del pueblo, tienen sus santos familiares en sus casas a quienes con mucho bullicio, les hacen fiestas y los llevan por las calles al son de la banda de m\u00fasicos y los infaltables cohetones.<br \/>\nTodas las procesiones de las imagenes salen y terminan en la iglesia. La gente acude al acompa\u00f1amiento con gran satisfacci\u00f3n, luciendo sus mejores vestimentas y mientras caminan al son de m\u00fasica tristona las ni\u00f1as de reojo mir\u00e1n al gal\u00e1n que se mantiene a corta distancia. En algunas provincias de la sierra, las procesiones van acompa\u00f1adas de una banda de diablos, de brujos, de negros, todos danzando alegremente alrededor del santo.<br \/>\nLas fiestas duran varios d\u00edas, durante ese tiempo se realizan concursos de marinera, canto, peleas de gallos, partidos de f\u00fatbol, etc. La fiesta no es buena si no se ingiere abundante alcohol y corre sangre en las peleas. Los que organizan la fiesta &#8220;<em>botan la casa por la ventana<\/em>&#8220;, dicen: &#8220;<em>despu\u00e9s de esta no hay otra<\/em>&#8220;.<br \/>\nEl soci\u00f3logo W. Stanley Rycroft, mirando las fiestas de los peruanos dice: <em>&#8220;La religi\u00f3n no ha redimido al indio, ni le ha tra\u00eddo mejora humana ni elevaci\u00f3n social alguna, ni vida abundante&#8230; se le ve continuamente empobrecido o endeudado, por tanta fiesta o por las muchas cosas que se les exigen<\/em>&#8221; (Religi\u00f3n y fe en Am\u00e9rica Latina). p\u00e1g. 121.<\/p>\n<ul class=\"display-posts-listing\"><li class=\"listing-item\"><a class=\"title\" href=\"https:\/\/blogs.pacasmayo.com\/estampaspacasmayinas\/la-virgen-de-guadalupe\/\">La Virgen de Guadalupe<\/a><\/li><li class=\"listing-item\"><a class=\"title\" href=\"https:\/\/blogs.pacasmayo.com\/estampaspacasmayinas\/el-senor-de-los-milagros\/\">El Se\u00f1or de los Milagros<\/a><\/li><li class=\"listing-item\"><a class=\"title\" href=\"https:\/\/blogs.pacasmayo.com\/estampaspacasmayinas\/el-santo-de-la-escoba\/\">El Santo de la Escoba<\/a><\/li><li class=\"listing-item\"><a class=\"title\" href=\"https:\/\/blogs.pacasmayo.com\/estampaspacasmayinas\/otras-imagenes\/\">Otras Im\u00e1genes<\/a><\/li><\/ul>\n","protected":false},"excerpt":{"rendered":"<p>Para los pacasmayinos las fiestas religiosas son muy importantes, parecer\u00eda que afectan lo m\u00e1s \u00edntimo de sus vidas. No tanto por demostraci\u00f3n piadosa sino porque en las fiestas ellos se&hellip; <\/p>\n","protected":false},"author":1,"featured_media":0,"parent":0,"menu_order":0,"comment_status":"open","ping_status":"open","template":"","meta":{"footnotes":""},"class_list":["post-136","page","type-page","status-publish","hentry"],"yoast_head":"<!-- This site is optimized with the Yoast SEO plugin v27.4 - https:\/\/yoast.com\/product\/yoast-seo-wordpress\/ -->\n<title>Fiestas - Estampas Pacasmayinas<\/title>\n<meta name=\"robots\" content=\"index, follow, max-snippet:-1, max-image-preview:large, max-video-preview:-1\" \/>\n<link rel=\"canonical\" href=\"https:\/\/blogs.pacasmayo.com\/estampaspacasmayinas\/fiestas\/\" \/>\n<meta property=\"og:locale\" content=\"en_US\" \/>\n<meta property=\"og:type\" content=\"article\" \/>\n<meta property=\"og:title\" content=\"Fiestas - Estampas Pacasmayinas\" \/>\n<meta property=\"og:description\" content=\"Para los pacasmayinos las fiestas religiosas son muy importantes, parecer\u00eda que afectan lo m\u00e1s \u00edntimo de sus vidas. No tanto por demostraci\u00f3n piadosa sino porque en las fiestas ellos se&hellip;\" \/>\n<meta property=\"og:url\" content=\"https:\/\/blogs.pacasmayo.com\/estampaspacasmayinas\/fiestas\/\" \/>\n<meta property=\"og:site_name\" content=\"Estampas Pacasmayinas\" \/>\n<meta property=\"article:modified_time\" content=\"2013-10-14T17:02:44+00:00\" \/>\n<meta name=\"twitter:card\" content=\"summary_large_image\" \/>\n<meta name=\"twitter:label1\" content=\"Est. reading time\" \/>\n\t<meta name=\"twitter:data1\" content=\"1 minute\" \/>\n<script type=\"application\/ld+json\" class=\"yoast-schema-graph\">{\"@context\":\"https:\\\/\\\/schema.org\",\"@graph\":[{\"@type\":\"WebPage\",\"@id\":\"https:\\\/\\\/blogs.pacasmayo.com\\\/estampaspacasmayinas\\\/fiestas\\\/\",\"url\":\"https:\\\/\\\/blogs.pacasmayo.com\\\/estampaspacasmayinas\\\/fiestas\\\/\",\"name\":\"Fiestas - Estampas Pacasmayinas\",\"isPartOf\":{\"@id\":\"https:\\\/\\\/blogs.pacasmayo.com\\\/estampaspacasmayinas\\\/#website\"},\"datePublished\":\"2013-10-14T17:01:57+00:00\",\"dateModified\":\"2013-10-14T17:02:44+00:00\",\"breadcrumb\":{\"@id\":\"https:\\\/\\\/blogs.pacasmayo.com\\\/estampaspacasmayinas\\\/fiestas\\\/#breadcrumb\"},\"inLanguage\":\"en-US\",\"potentialAction\":[{\"@type\":\"ReadAction\",\"target\":[\"https:\\\/\\\/blogs.pacasmayo.com\\\/estampaspacasmayinas\\\/fiestas\\\/\"]}]},{\"@type\":\"BreadcrumbList\",\"@id\":\"https:\\\/\\\/blogs.pacasmayo.com\\\/estampaspacasmayinas\\\/fiestas\\\/#breadcrumb\",\"itemListElement\":[{\"@type\":\"ListItem\",\"position\":1,\"name\":\"Portada\",\"item\":\"https:\\\/\\\/blogs.pacasmayo.com\\\/estampaspacasmayinas\\\/\"},{\"@type\":\"ListItem\",\"position\":2,\"name\":\"Fiestas\"}]},{\"@type\":\"WebSite\",\"@id\":\"https:\\\/\\\/blogs.pacasmayo.com\\\/estampaspacasmayinas\\\/#website\",\"url\":\"https:\\\/\\\/blogs.pacasmayo.com\\\/estampaspacasmayinas\\\/\",\"name\":\"Estampas Pacasmayinas\",\"description\":\"Retratos de la vida diaria\",\"potentialAction\":[{\"@type\":\"SearchAction\",\"target\":{\"@type\":\"EntryPoint\",\"urlTemplate\":\"https:\\\/\\\/blogs.pacasmayo.com\\\/estampaspacasmayinas\\\/?s={search_term_string}\"},\"query-input\":{\"@type\":\"PropertyValueSpecification\",\"valueRequired\":true,\"valueName\":\"search_term_string\"}}],\"inLanguage\":\"en-US\"}]}<\/script>\n<!-- \/ Yoast SEO plugin. -->","yoast_head_json":{"title":"Fiestas - Estampas Pacasmayinas","robots":{"index":"index","follow":"follow","max-snippet":"max-snippet:-1","max-image-preview":"max-image-preview:large","max-video-preview":"max-video-preview:-1"},"canonical":"https:\/\/blogs.pacasmayo.com\/estampaspacasmayinas\/fiestas\/","og_locale":"en_US","og_type":"article","og_title":"Fiestas - Estampas Pacasmayinas","og_description":"Para los pacasmayinos las fiestas religiosas son muy importantes, parecer\u00eda que afectan lo m\u00e1s \u00edntimo de sus vidas. No tanto por demostraci\u00f3n piadosa sino porque en las fiestas ellos se&hellip;","og_url":"https:\/\/blogs.pacasmayo.com\/estampaspacasmayinas\/fiestas\/","og_site_name":"Estampas Pacasmayinas","article_modified_time":"2013-10-14T17:02:44+00:00","twitter_card":"summary_large_image","twitter_misc":{"Est. reading time":"1 minute"},"schema":{"@context":"https:\/\/schema.org","@graph":[{"@type":"WebPage","@id":"https:\/\/blogs.pacasmayo.com\/estampaspacasmayinas\/fiestas\/","url":"https:\/\/blogs.pacasmayo.com\/estampaspacasmayinas\/fiestas\/","name":"Fiestas - Estampas Pacasmayinas","isPartOf":{"@id":"https:\/\/blogs.pacasmayo.com\/estampaspacasmayinas\/#website"},"datePublished":"2013-10-14T17:01:57+00:00","dateModified":"2013-10-14T17:02:44+00:00","breadcrumb":{"@id":"https:\/\/blogs.pacasmayo.com\/estampaspacasmayinas\/fiestas\/#breadcrumb"},"inLanguage":"en-US","potentialAction":[{"@type":"ReadAction","target":["https:\/\/blogs.pacasmayo.com\/estampaspacasmayinas\/fiestas\/"]}]},{"@type":"BreadcrumbList","@id":"https:\/\/blogs.pacasmayo.com\/estampaspacasmayinas\/fiestas\/#breadcrumb","itemListElement":[{"@type":"ListItem","position":1,"name":"Portada","item":"https:\/\/blogs.pacasmayo.com\/estampaspacasmayinas\/"},{"@type":"ListItem","position":2,"name":"Fiestas"}]},{"@type":"WebSite","@id":"https:\/\/blogs.pacasmayo.com\/estampaspacasmayinas\/#website","url":"https:\/\/blogs.pacasmayo.com\/estampaspacasmayinas\/","name":"Estampas Pacasmayinas","description":"Retratos de la vida diaria","potentialAction":[{"@type":"SearchAction","target":{"@type":"EntryPoint","urlTemplate":"https:\/\/blogs.pacasmayo.com\/estampaspacasmayinas\/?s={search_term_string}"},"query-input":{"@type":"PropertyValueSpecification","valueRequired":true,"valueName":"search_term_string"}}],"inLanguage":"en-US"}]}},"_links":{"self":[{"href":"https:\/\/blogs.pacasmayo.com\/estampaspacasmayinas\/wp-json\/wp\/v2\/pages\/136","targetHints":{"allow":["GET"]}}],"collection":[{"href":"https:\/\/blogs.pacasmayo.com\/estampaspacasmayinas\/wp-json\/wp\/v2\/pages"}],"about":[{"href":"https:\/\/blogs.pacasmayo.com\/estampaspacasmayinas\/wp-json\/wp\/v2\/types\/page"}],"author":[{"embeddable":true,"href":"https:\/\/blogs.pacasmayo.com\/estampaspacasmayinas\/wp-json\/wp\/v2\/users\/1"}],"replies":[{"embeddable":true,"href":"https:\/\/blogs.pacasmayo.com\/estampaspacasmayinas\/wp-json\/wp\/v2\/comments?post=136"}],"version-history":[{"count":0,"href":"https:\/\/blogs.pacasmayo.com\/estampaspacasmayinas\/wp-json\/wp\/v2\/pages\/136\/revisions"}],"wp:attachment":[{"href":"https:\/\/blogs.pacasmayo.com\/estampaspacasmayinas\/wp-json\/wp\/v2\/media?parent=136"}],"curies":[{"name":"wp","href":"https:\/\/api.w.org\/{rel}","templated":true}]}}