{"id":120,"date":"2013-10-14T16:55:33","date_gmt":"2013-10-14T16:55:33","guid":{"rendered":"http:\/\/blogs.pacasmayo.com\/estampaspacasmayinas\/?page_id=120"},"modified":"2013-10-14T16:56:51","modified_gmt":"2013-10-14T16:56:51","slug":"orates-pacasmayinos","status":"publish","type":"page","link":"https:\/\/blogs.pacasmayo.com\/estampaspacasmayinas\/orates-pacasmayinos\/","title":{"rendered":"Orates Pacasmayinos"},"content":{"rendered":"<p>No existe pueblo en la tierra donde no haya poetas. Como vates y orates son hermanos gemelos donde nacen los unos emergen los otros. En una manera muy particular la ciudad de Pacasmayo es un campo f\u00e9rtil de &#8220;grandes luminarias mentales&#8221;.<br \/>\nA menudo se oye decir: El loco &#8220;To\u00f1o&#8221;, el loco &#8220;Lalo&#8221;, el loco &#8220;Ma\u00f1uco&#8221;, etc&#8230; y todos ellos tomando el pensamiento del gran Papini exclaman con verdadera vehemencia:<\/p>\n<blockquote><p>&#8220;Quiero ser el loco m\u00e1s completo de la tierra, el loco primero por voluntad propia. Y como loco quiero ser rechazado, mofado, y despreciado por todos&#8230;&#8221;<\/p><\/blockquote>\n<p>Y si damos cr\u00e9dito al dicho popular que de &#8220;m\u00fasico, poeta y loco, todos tenemos un poco&#8221;. \u00a0A los mejor a t\u00ed, tambi\u00e9n se te est\u00e1n cruzando los&#8230;<br \/>\nDe los muchos &#8220;iluminados&#8221; pacasmayinos hemos escogido a los m\u00e1s destacados que hemos visto pasar ante nuestros ojos, los cuales les presentamos a continuaci\u00f3n.<\/p>\n<ul class=\"display-posts-listing\"><li class=\"listing-item\"><a class=\"title\" href=\"https:\/\/blogs.pacasmayo.com\/estampaspacasmayinas\/el-viejo-ruso\/\">El Viejo Ruso<\/a><\/li><li class=\"listing-item\"><a class=\"title\" href=\"https:\/\/blogs.pacasmayo.com\/estampaspacasmayinas\/la-loca-maria\/\">La Loca Mar\u00eda<\/a><\/li><li class=\"listing-item\"><a class=\"title\" href=\"https:\/\/blogs.pacasmayo.com\/estampaspacasmayinas\/el-cuentapasos\/\">El Cuentapasos<\/a><\/li><li class=\"listing-item\"><a class=\"title\" href=\"https:\/\/blogs.pacasmayo.com\/estampaspacasmayinas\/el-loco-gardel\/\">El Loco Gardel<\/a><\/li><li class=\"listing-item\"><a class=\"title\" href=\"https:\/\/blogs.pacasmayo.com\/estampaspacasmayinas\/el-loco-valderrama\/\">El Loco Valderrama<\/a><\/li><\/ul>\n","protected":false},"excerpt":{"rendered":"<p>No existe pueblo en la tierra donde no haya poetas. Como vates y orates son hermanos gemelos donde nacen los unos emergen los otros. En una manera muy particular la&hellip; <\/p>\n","protected":false},"author":1,"featured_media":0,"parent":0,"menu_order":0,"comment_status":"open","ping_status":"open","template":"","meta":{"footnotes":""},"class_list":["post-120","page","type-page","status-publish","hentry"],"yoast_head":"<!-- This site is optimized with the Yoast SEO plugin v27.4 - https:\/\/yoast.com\/product\/yoast-seo-wordpress\/ -->\n<title>Orates Pacasmayinos - Estampas Pacasmayinas<\/title>\n<meta name=\"robots\" content=\"index, follow, max-snippet:-1, max-image-preview:large, max-video-preview:-1\" \/>\n<link rel=\"canonical\" href=\"https:\/\/blogs.pacasmayo.com\/estampaspacasmayinas\/orates-pacasmayinos\/\" \/>\n<meta property=\"og:locale\" content=\"en_US\" \/>\n<meta property=\"og:type\" content=\"article\" \/>\n<meta property=\"og:title\" content=\"Orates Pacasmayinos - Estampas Pacasmayinas\" \/>\n<meta property=\"og:description\" content=\"No existe pueblo en la tierra donde no haya poetas. Como vates y orates son hermanos gemelos donde nacen los unos emergen los otros. En una manera muy particular la&hellip;\" \/>\n<meta property=\"og:url\" content=\"https:\/\/blogs.pacasmayo.com\/estampaspacasmayinas\/orates-pacasmayinos\/\" \/>\n<meta property=\"og:site_name\" content=\"Estampas Pacasmayinas\" \/>\n<meta property=\"article:modified_time\" content=\"2013-10-14T16:56:51+00:00\" \/>\n<meta name=\"twitter:card\" content=\"summary_large_image\" \/>\n<meta name=\"twitter:label1\" content=\"Est. reading time\" \/>\n\t<meta name=\"twitter:data1\" content=\"1 minute\" \/>\n<script type=\"application\/ld+json\" class=\"yoast-schema-graph\">{\"@context\":\"https:\\\/\\\/schema.org\",\"@graph\":[{\"@type\":\"WebPage\",\"@id\":\"https:\\\/\\\/blogs.pacasmayo.com\\\/estampaspacasmayinas\\\/orates-pacasmayinos\\\/\",\"url\":\"https:\\\/\\\/blogs.pacasmayo.com\\\/estampaspacasmayinas\\\/orates-pacasmayinos\\\/\",\"name\":\"Orates Pacasmayinos - Estampas Pacasmayinas\",\"isPartOf\":{\"@id\":\"https:\\\/\\\/blogs.pacasmayo.com\\\/estampaspacasmayinas\\\/#website\"},\"datePublished\":\"2013-10-14T16:55:33+00:00\",\"dateModified\":\"2013-10-14T16:56:51+00:00\",\"breadcrumb\":{\"@id\":\"https:\\\/\\\/blogs.pacasmayo.com\\\/estampaspacasmayinas\\\/orates-pacasmayinos\\\/#breadcrumb\"},\"inLanguage\":\"en-US\",\"potentialAction\":[{\"@type\":\"ReadAction\",\"target\":[\"https:\\\/\\\/blogs.pacasmayo.com\\\/estampaspacasmayinas\\\/orates-pacasmayinos\\\/\"]}]},{\"@type\":\"BreadcrumbList\",\"@id\":\"https:\\\/\\\/blogs.pacasmayo.com\\\/estampaspacasmayinas\\\/orates-pacasmayinos\\\/#breadcrumb\",\"itemListElement\":[{\"@type\":\"ListItem\",\"position\":1,\"name\":\"Portada\",\"item\":\"https:\\\/\\\/blogs.pacasmayo.com\\\/estampaspacasmayinas\\\/\"},{\"@type\":\"ListItem\",\"position\":2,\"name\":\"Orates Pacasmayinos\"}]},{\"@type\":\"WebSite\",\"@id\":\"https:\\\/\\\/blogs.pacasmayo.com\\\/estampaspacasmayinas\\\/#website\",\"url\":\"https:\\\/\\\/blogs.pacasmayo.com\\\/estampaspacasmayinas\\\/\",\"name\":\"Estampas Pacasmayinas\",\"description\":\"Retratos de la vida diaria\",\"potentialAction\":[{\"@type\":\"SearchAction\",\"target\":{\"@type\":\"EntryPoint\",\"urlTemplate\":\"https:\\\/\\\/blogs.pacasmayo.com\\\/estampaspacasmayinas\\\/?s={search_term_string}\"},\"query-input\":{\"@type\":\"PropertyValueSpecification\",\"valueRequired\":true,\"valueName\":\"search_term_string\"}}],\"inLanguage\":\"en-US\"}]}<\/script>\n<!-- \/ Yoast SEO plugin. -->","yoast_head_json":{"title":"Orates Pacasmayinos - Estampas Pacasmayinas","robots":{"index":"index","follow":"follow","max-snippet":"max-snippet:-1","max-image-preview":"max-image-preview:large","max-video-preview":"max-video-preview:-1"},"canonical":"https:\/\/blogs.pacasmayo.com\/estampaspacasmayinas\/orates-pacasmayinos\/","og_locale":"en_US","og_type":"article","og_title":"Orates Pacasmayinos - Estampas Pacasmayinas","og_description":"No existe pueblo en la tierra donde no haya poetas. Como vates y orates son hermanos gemelos donde nacen los unos emergen los otros. En una manera muy particular la&hellip;","og_url":"https:\/\/blogs.pacasmayo.com\/estampaspacasmayinas\/orates-pacasmayinos\/","og_site_name":"Estampas Pacasmayinas","article_modified_time":"2013-10-14T16:56:51+00:00","twitter_card":"summary_large_image","twitter_misc":{"Est. reading time":"1 minute"},"schema":{"@context":"https:\/\/schema.org","@graph":[{"@type":"WebPage","@id":"https:\/\/blogs.pacasmayo.com\/estampaspacasmayinas\/orates-pacasmayinos\/","url":"https:\/\/blogs.pacasmayo.com\/estampaspacasmayinas\/orates-pacasmayinos\/","name":"Orates Pacasmayinos - Estampas Pacasmayinas","isPartOf":{"@id":"https:\/\/blogs.pacasmayo.com\/estampaspacasmayinas\/#website"},"datePublished":"2013-10-14T16:55:33+00:00","dateModified":"2013-10-14T16:56:51+00:00","breadcrumb":{"@id":"https:\/\/blogs.pacasmayo.com\/estampaspacasmayinas\/orates-pacasmayinos\/#breadcrumb"},"inLanguage":"en-US","potentialAction":[{"@type":"ReadAction","target":["https:\/\/blogs.pacasmayo.com\/estampaspacasmayinas\/orates-pacasmayinos\/"]}]},{"@type":"BreadcrumbList","@id":"https:\/\/blogs.pacasmayo.com\/estampaspacasmayinas\/orates-pacasmayinos\/#breadcrumb","itemListElement":[{"@type":"ListItem","position":1,"name":"Portada","item":"https:\/\/blogs.pacasmayo.com\/estampaspacasmayinas\/"},{"@type":"ListItem","position":2,"name":"Orates Pacasmayinos"}]},{"@type":"WebSite","@id":"https:\/\/blogs.pacasmayo.com\/estampaspacasmayinas\/#website","url":"https:\/\/blogs.pacasmayo.com\/estampaspacasmayinas\/","name":"Estampas Pacasmayinas","description":"Retratos de la vida diaria","potentialAction":[{"@type":"SearchAction","target":{"@type":"EntryPoint","urlTemplate":"https:\/\/blogs.pacasmayo.com\/estampaspacasmayinas\/?s={search_term_string}"},"query-input":{"@type":"PropertyValueSpecification","valueRequired":true,"valueName":"search_term_string"}}],"inLanguage":"en-US"}]}},"_links":{"self":[{"href":"https:\/\/blogs.pacasmayo.com\/estampaspacasmayinas\/wp-json\/wp\/v2\/pages\/120","targetHints":{"allow":["GET"]}}],"collection":[{"href":"https:\/\/blogs.pacasmayo.com\/estampaspacasmayinas\/wp-json\/wp\/v2\/pages"}],"about":[{"href":"https:\/\/blogs.pacasmayo.com\/estampaspacasmayinas\/wp-json\/wp\/v2\/types\/page"}],"author":[{"embeddable":true,"href":"https:\/\/blogs.pacasmayo.com\/estampaspacasmayinas\/wp-json\/wp\/v2\/users\/1"}],"replies":[{"embeddable":true,"href":"https:\/\/blogs.pacasmayo.com\/estampaspacasmayinas\/wp-json\/wp\/v2\/comments?post=120"}],"version-history":[{"count":0,"href":"https:\/\/blogs.pacasmayo.com\/estampaspacasmayinas\/wp-json\/wp\/v2\/pages\/120\/revisions"}],"wp:attachment":[{"href":"https:\/\/blogs.pacasmayo.com\/estampaspacasmayinas\/wp-json\/wp\/v2\/media?parent=120"}],"curies":[{"name":"wp","href":"https:\/\/api.w.org\/{rel}","templated":true}]}}